{"id":1391,"date":"2020-04-13T11:18:50","date_gmt":"2020-04-13T11:18:50","guid":{"rendered":"https:\/\/hotelgato.com\/index.php\/services-2\/"},"modified":"2024-06-25T05:31:19","modified_gmt":"2024-06-25T03:31:19","slug":"serviciosenhotelgato","status":"publish","type":"page","link":"https:\/\/hotelgato.com\/index.php\/serviciosenhotelgato\/","title":{"rendered":"Servicios"},"content":{"rendered":"\t\t<div data-elementor-type=\"wp-page\" data-elementor-id=\"1391\" class=\"elementor elementor-1391\">\n\t\t\t\t<div class=\"elementor-element elementor-element-632a7fa e-flex e-con-boxed e-con e-parent\" data-id=\"632a7fa\" data-element_type=\"container\" data-settings=\"{&quot;background_background&quot;:&quot;classic&quot;}\">\n\t\t\t\t\t<div class=\"e-con-inner\">\n\t\t<div class=\"elementor-element elementor-element-868c7c6 e-con-full e-flex e-con e-child\" data-id=\"868c7c6\" data-element_type=\"container\">\n\t\t\t\t<div class=\"elementor-element elementor-element-735da12 elementor-widget elementor-widget-heading\" data-id=\"735da12\" data-element_type=\"widget\" data-widget_type=\"heading.default\">\n\t\t\t\t<div class=\"elementor-widget-container\">\n\t\t\t<style>\/*! elementor - v3.21.0 - 26-05-2024 *\/\n.elementor-heading-title{padding:0;margin:0;line-height:1}.elementor-widget-heading .elementor-heading-title[class*=elementor-size-]>a{color:inherit;font-size:inherit;line-height:inherit}.elementor-widget-heading .elementor-heading-title.elementor-size-small{font-size:15px}.elementor-widget-heading .elementor-heading-title.elementor-size-medium{font-size:19px}.elementor-widget-heading .elementor-heading-title.elementor-size-large{font-size:29px}.elementor-widget-heading .elementor-heading-title.elementor-size-xl{font-size:39px}.elementor-widget-heading .elementor-heading-title.elementor-size-xxl{font-size:59px}<\/style><h1 class=\"elementor-heading-title elementor-size-default\">Servicios<\/h1>\t\t<\/div>\n\t\t\t\t<\/div>\n\t\t\t\t<\/div>\n\t\t\t\t\t<\/div>\n\t\t\t\t<\/div>\n\t\t<div class=\"elementor-element elementor-element-27d9087 e-flex e-con-boxed e-con e-parent\" data-id=\"27d9087\" data-element_type=\"container\">\n\t\t\t\t\t<div class=\"e-con-inner\">\n\t\t<div class=\"elementor-element elementor-element-1bb4ead e-con-full e-flex e-con e-child\" data-id=\"1bb4ead\" data-element_type=\"container\" data-settings=\"{&quot;background_background&quot;:&quot;gradient&quot;}\">\n\t\t\t\t<div class=\"elementor-element elementor-element-9c40c94 elementor-widget__width-initial elementor-widget elementor-widget-image-box\" data-id=\"9c40c94\" data-element_type=\"widget\" data-widget_type=\"image-box.default\">\n\t\t\t\t<div class=\"elementor-widget-container\">\n\t\t\t<style>\/*! elementor - v3.21.0 - 26-05-2024 *\/\n.elementor-widget-image-box .elementor-image-box-content{width:100%}@media (min-width:768px){.elementor-widget-image-box.elementor-position-left .elementor-image-box-wrapper,.elementor-widget-image-box.elementor-position-right .elementor-image-box-wrapper{display:flex}.elementor-widget-image-box.elementor-position-right .elementor-image-box-wrapper{text-align:end;flex-direction:row-reverse}.elementor-widget-image-box.elementor-position-left .elementor-image-box-wrapper{text-align:start;flex-direction:row}.elementor-widget-image-box.elementor-position-top .elementor-image-box-img{margin:auto}.elementor-widget-image-box.elementor-vertical-align-top .elementor-image-box-wrapper{align-items:flex-start}.elementor-widget-image-box.elementor-vertical-align-middle .elementor-image-box-wrapper{align-items:center}.elementor-widget-image-box.elementor-vertical-align-bottom .elementor-image-box-wrapper{align-items:flex-end}}@media (max-width:767px){.elementor-widget-image-box .elementor-image-box-img{margin-left:auto!important;margin-right:auto!important;margin-bottom:15px}}.elementor-widget-image-box .elementor-image-box-img{display:inline-block}.elementor-widget-image-box .elementor-image-box-title a{color:inherit}.elementor-widget-image-box .elementor-image-box-wrapper{text-align:center}.elementor-widget-image-box .elementor-image-box-description{margin:0}<\/style><div class=\"elementor-image-box-wrapper\"><div class=\"elementor-image-box-content\"><h2 class=\"elementor-image-box-title\">Hotel - Hospedaje <\/h2><p class=\"elementor-image-box-description\">Ofrecemos un servicio de hospedaje integral para que tu felino amigo se sienta como en casa. Contamos con zonas de juegos, espacios de descanso. \n\nSe brinda atenci\u00f3n personalizada y cari\u00f1o para que su estad\u00eda sea lo m\u00e1s placentera posible. Adem\u00e1s, te enviaremos un video o foto diaria para que puedas ver c\u00f3mo lo est\u00e1 pasando tu mascota y te quedes tranquilo.\n\nEn Hotel Gato tu gato estar\u00e1 seguro, feliz y bien cuidado.<\/p><\/div><\/div>\t\t<\/div>\n\t\t\t\t<\/div>\n\t\t\t\t<div class=\"elementor-element elementor-element-db1847e elementor-widget elementor-widget-text-editor\" data-id=\"db1847e\" data-element_type=\"widget\" data-widget_type=\"text-editor.default\">\n\t\t\t\t<div class=\"elementor-widget-container\">\n\t\t\t<style>\/*! elementor - v3.21.0 - 26-05-2024 *\/\n.elementor-widget-text-editor.elementor-drop-cap-view-stacked .elementor-drop-cap{background-color:#69727d;color:#fff}.elementor-widget-text-editor.elementor-drop-cap-view-framed .elementor-drop-cap{color:#69727d;border:3px solid;background-color:transparent}.elementor-widget-text-editor:not(.elementor-drop-cap-view-default) .elementor-drop-cap{margin-top:8px}.elementor-widget-text-editor:not(.elementor-drop-cap-view-default) .elementor-drop-cap-letter{width:1em;height:1em}.elementor-widget-text-editor .elementor-drop-cap{float:left;text-align:center;line-height:1;font-size:50px}.elementor-widget-text-editor .elementor-drop-cap-letter{display:inline-block}<\/style>\t\t\t\t<h4 class=\"elementor-image-box-title elementor-inline-editing pen\" style=\"font-style: normal; color: #fadcb8;\" data-elementor-setting-key=\"title_text\" data-elementor-inline-editing-toolbar=\"none\" data-pen-placeholder=\"Teclea aqu\u00ed...\"><strong><span style=\"color: #000000;\">Requisitos para el ingreso<\/span><\/strong><\/h4><ul><li>Una foto del carnet de vacunas examen<\/li><li>Examen de virales reciente<\/li><li>Antipulgas aplicado antes del ingreso a Hotel Gato (esto por seguridad de tus gatitos y los dem\u00e1s)<\/li><li>Diligenciar formulario a la llegada con informaci\u00f3n general.<\/li><\/ul>\t\t\t\t\t\t<\/div>\n\t\t\t\t<\/div>\n\t\t\t\t<\/div>\n\t\t<div class=\"elementor-element elementor-element-11f63ad e-con-full e-flex e-con e-child\" data-id=\"11f63ad\" data-element_type=\"container\">\n\t\t\t\t<div class=\"elementor-element elementor-element-f6ecc00 elementor-widget elementor-widget-image\" data-id=\"f6ecc00\" data-element_type=\"widget\" data-widget_type=\"image.default\">\n\t\t\t\t<div class=\"elementor-widget-container\">\n\t\t\t<style>\/*! elementor - v3.21.0 - 26-05-2024 *\/\n.elementor-widget-image{text-align:center}.elementor-widget-image a{display:inline-block}.elementor-widget-image a img[src$=\".svg\"]{width:48px}.elementor-widget-image img{vertical-align:middle;display:inline-block}<\/style>\t\t\t\t\t\t\t\t\t\t<img fetchpriority=\"high\" decoding=\"async\" width=\"956\" height=\"955\" src=\"https:\/\/hotelgato.com\/wp-content\/uploads\/2024\/06\/Hospedaje.jpeg\" class=\"attachment-large size-large wp-image-1600\" alt=\"\" srcset=\"https:\/\/hotelgato.com\/wp-content\/uploads\/2024\/06\/Hospedaje.jpeg 956w, https:\/\/hotelgato.com\/wp-content\/uploads\/2024\/06\/Hospedaje-300x300.jpeg 300w, https:\/\/hotelgato.com\/wp-content\/uploads\/2024\/06\/Hospedaje-150x150.jpeg 150w, https:\/\/hotelgato.com\/wp-content\/uploads\/2024\/06\/Hospedaje-768x767.jpeg 768w\" sizes=\"(max-width: 956px) 100vw, 956px\" \/>\t\t\t\t\t\t\t\t\t\t\t\t\t<\/div>\n\t\t\t\t<\/div>\n\t\t\t\t<\/div>\n\t\t\t\t\t<\/div>\n\t\t\t\t<\/div>\n\t\t<div class=\"elementor-element elementor-element-7e9b5b2 e-flex e-con-boxed e-con e-parent\" data-id=\"7e9b5b2\" data-element_type=\"container\">\n\t\t\t\t\t<div class=\"e-con-inner\">\n\t\t<div class=\"elementor-element elementor-element-c6a54c4 e-con-full e-flex e-con e-child\" data-id=\"c6a54c4\" data-element_type=\"container\">\n\t\t\t\t<div class=\"elementor-element elementor-element-c880b4e elementor-widget elementor-widget-image\" data-id=\"c880b4e\" data-element_type=\"widget\" data-widget_type=\"image.default\">\n\t\t\t\t<div class=\"elementor-widget-container\">\n\t\t\t\t\t\t\t\t\t\t\t\t\t<img decoding=\"async\" width=\"800\" height=\"800\" src=\"https:\/\/hotelgato.com\/wp-content\/uploads\/2024\/06\/Servicio-de-bano.png\" class=\"attachment-large size-large wp-image-1598\" alt=\"Servicio-de-ban\u0303o\" srcset=\"https:\/\/hotelgato.com\/wp-content\/uploads\/2024\/06\/Servicio-de-bano.png 800w, https:\/\/hotelgato.com\/wp-content\/uploads\/2024\/06\/Servicio-de-bano-300x300.png 300w, https:\/\/hotelgato.com\/wp-content\/uploads\/2024\/06\/Servicio-de-bano-150x150.png 150w, https:\/\/hotelgato.com\/wp-content\/uploads\/2024\/06\/Servicio-de-bano-768x768.png 768w\" sizes=\"(max-width: 800px) 100vw, 800px\" \/>\t\t\t\t\t\t\t\t\t\t\t\t\t<\/div>\n\t\t\t\t<\/div>\n\t\t\t\t<\/div>\n\t\t<div class=\"elementor-element elementor-element-0a70900 e-con-full e-flex e-con e-child\" data-id=\"0a70900\" data-element_type=\"container\" data-settings=\"{&quot;background_background&quot;:&quot;gradient&quot;}\">\n\t\t\t\t<div class=\"elementor-element elementor-element-7370a36 elementor-widget elementor-widget-image-box\" data-id=\"7370a36\" data-element_type=\"widget\" data-widget_type=\"image-box.default\">\n\t\t\t\t<div class=\"elementor-widget-container\">\n\t\t\t<div class=\"elementor-image-box-wrapper\"><div class=\"elementor-image-box-content\"><h2 class=\"elementor-image-box-title\">Ba\u00f1o <\/h2><p class=\"elementor-image-box-description\">Ba\u00f1os con el cuidado y cari\u00f1o que se merece tu gatit@\n<\/p><\/div><\/div>\t\t<\/div>\n\t\t\t\t<\/div>\n\t\t\t\t<div class=\"elementor-element elementor-element-826294f elementor-widget elementor-widget-text-editor\" data-id=\"826294f\" data-element_type=\"widget\" data-widget_type=\"text-editor.default\">\n\t\t\t\t<div class=\"elementor-widget-container\">\n\t\t\t\t\t\t\t<ul>\n \t<li>Pelo Largo\u00a0 $80.000<\/li>\n \t<li>Pelo Corto\u00a0 $60.000<\/li>\n<\/ul>\t\t\t\t\t\t<\/div>\n\t\t\t\t<\/div>\n\t\t\t\t<\/div>\n\t\t\t\t\t<\/div>\n\t\t\t\t<\/div>\n\t\t<div class=\"elementor-element elementor-element-7ec7c6b e-flex e-con-boxed e-con e-parent\" data-id=\"7ec7c6b\" data-element_type=\"container\">\n\t\t\t\t\t<div class=\"e-con-inner\">\n\t\t<div class=\"elementor-element elementor-element-d1ba4fb e-con-full e-flex e-con e-child\" data-id=\"d1ba4fb\" data-element_type=\"container\" data-settings=\"{&quot;background_background&quot;:&quot;gradient&quot;}\">\n\t\t\t\t<div class=\"elementor-element elementor-element-ac4b140 elementor-widget elementor-widget-image-box\" data-id=\"ac4b140\" data-element_type=\"widget\" data-widget_type=\"image-box.default\">\n\t\t\t\t<div class=\"elementor-widget-container\">\n\t\t\t<div class=\"elementor-image-box-wrapper\"><div class=\"elementor-image-box-content\"><h2 class=\"elementor-image-box-title\">Transporte puerta a puerta<\/h2><p class=\"elementor-image-box-description\">Si est\u00e1s corto de tiempo recogiendo o llevando a tu gatit@ a Hotel Gato, te ofrecemos el servicio puerta a puerta por trayecto.<\/p><\/div><\/div>\t\t<\/div>\n\t\t\t\t<\/div>\n\t\t\t\t<\/div>\n\t\t<div class=\"elementor-element elementor-element-9c33f81 e-con-full e-flex e-con e-child\" data-id=\"9c33f81\" data-element_type=\"container\">\n\t\t\t\t<div class=\"elementor-element elementor-element-08c0a55 elementor-widget elementor-widget-image\" data-id=\"08c0a55\" data-element_type=\"widget\" data-widget_type=\"image.default\">\n\t\t\t\t<div class=\"elementor-widget-container\">\n\t\t\t\t\t\t\t\t\t\t\t\t\t<img decoding=\"async\" width=\"800\" height=\"800\" src=\"https:\/\/hotelgato.com\/wp-content\/uploads\/2024\/06\/Transporte.png\" class=\"attachment-large size-large wp-image-1611\" alt=\"Transporte puerta a puerta\" srcset=\"https:\/\/hotelgato.com\/wp-content\/uploads\/2024\/06\/Transporte.png 800w, https:\/\/hotelgato.com\/wp-content\/uploads\/2024\/06\/Transporte-300x300.png 300w, https:\/\/hotelgato.com\/wp-content\/uploads\/2024\/06\/Transporte-150x150.png 150w, https:\/\/hotelgato.com\/wp-content\/uploads\/2024\/06\/Transporte-768x768.png 768w\" sizes=\"(max-width: 800px) 100vw, 800px\" \/>\t\t\t\t\t\t\t\t\t\t\t\t\t<\/div>\n\t\t\t\t<\/div>\n\t\t\t\t<\/div>\n\t\t\t\t\t<\/div>\n\t\t\t\t<\/div>\n\t\t\t\t<\/div>\n\t\t","protected":false},"excerpt":{"rendered":"<p>Servicios Hotel &#8211; Hospedaje Ofrecemos un servicio de hospedaje integral para que tu felino amigo se sienta como en casa. Contamos con zonas de juegos, espacios de descanso. Se brinda atenci\u00f3n personalizada y cari\u00f1o para que su estad\u00eda sea lo m\u00e1s placentera posible. Adem\u00e1s, te enviaremos un video o foto diaria para que puedas ver &hellip;<\/p>\n<p class=\"read-more\"> <a class=\"\" href=\"https:\/\/hotelgato.com\/index.php\/serviciosenhotelgato\/\"> <span class=\"screen-reader-text\">Servicios<\/span> Leer m\u00e1s &raquo;<\/a><\/p>\n","protected":false},"author":1,"featured_media":0,"parent":0,"menu_order":0,"comment_status":"closed","ping_status":"closed","template":"","meta":{"site-sidebar-layout":"no-sidebar","site-content-layout":"page-builder","ast-site-content-layout":"full-width-container","site-content-style":"unboxed","site-sidebar-style":"unboxed","ast-global-header-display":"","ast-banner-title-visibility":"","ast-main-header-display":"","ast-hfb-above-header-display":"","ast-hfb-below-header-display":"","ast-hfb-mobile-header-display":"","site-post-title":"disabled","ast-breadcrumbs-content":"","ast-featured-img":"","footer-sml-layout":"","theme-transparent-header-meta":"enabled","adv-header-id-meta":"","stick-header-meta":"","header-above-stick-meta":"","header-main-stick-meta":"","header-below-stick-meta":"","astra-migrate-meta-layouts":"set","ast-page-background-enabled":"default","ast-page-background-meta":{"desktop":{"background-color":"","background-image":"","background-repeat":"repeat","background-position":"center center","background-size":"auto","background-attachment":"scroll","background-type":"","background-media":"","overlay-type":"","overlay-color":"","overlay-gradient":""},"tablet":{"background-color":"","background-image":"","background-repeat":"repeat","background-position":"center center","background-size":"auto","background-attachment":"scroll","background-type":"","background-media":"","overlay-type":"","overlay-color":"","overlay-gradient":""},"mobile":{"background-color":"","background-image":"","background-repeat":"repeat","background-position":"center center","background-size":"auto","background-attachment":"scroll","background-type":"","background-media":"","overlay-type":"","overlay-color":"","overlay-gradient":""}},"ast-content-background-meta":{"desktop":{"background-color":"var(--ast-global-color-5)","background-image":"","background-repeat":"repeat","background-position":"center center","background-size":"auto","background-attachment":"scroll","background-type":"","background-media":"","overlay-type":"","overlay-color":"","overlay-gradient":""},"tablet":{"background-color":"var(--ast-global-color-5)","background-image":"","background-repeat":"repeat","background-position":"center center","background-size":"auto","background-attachment":"scroll","background-type":"","background-media":"","overlay-type":"","overlay-color":"","overlay-gradient":""},"mobile":{"background-color":"var(--ast-global-color-5)","background-image":"","background-repeat":"repeat","background-position":"center center","background-size":"auto","background-attachment":"scroll","background-type":"","background-media":"","overlay-type":"","overlay-color":"","overlay-gradient":""}},"footnotes":""},"yoast_head":"<!-- This site is optimized with the Yoast SEO plugin v21.6 - https:\/\/yoast.com\/wordpress\/plugins\/seo\/ -->\n<title>Servicios - Hotel Gato<\/title>\n<meta name=\"robots\" content=\"index, follow, max-snippet:-1, max-image-preview:large, max-video-preview:-1\" \/>\n<link rel=\"canonical\" href=\"https:\/\/hotelgato.com\/index.php\/serviciosenhotelgato\/\" \/>\n<meta property=\"og:locale\" content=\"es_ES\" \/>\n<meta property=\"og:type\" content=\"article\" \/>\n<meta property=\"og:title\" content=\"Servicios - Hotel Gato\" \/>\n<meta property=\"og:description\" content=\"Servicios Hotel &#8211; Hospedaje Ofrecemos un servicio de hospedaje integral para que tu felino amigo se sienta como en casa. Contamos con zonas de juegos, espacios de descanso. Se brinda atenci\u00f3n personalizada y cari\u00f1o para que su estad\u00eda sea lo m\u00e1s placentera posible. Adem\u00e1s, te enviaremos un video o foto diaria para que puedas ver &hellip; Servicios Leer m\u00e1s &raquo;\" \/>\n<meta property=\"og:url\" content=\"https:\/\/hotelgato.com\/index.php\/serviciosenhotelgato\/\" \/>\n<meta property=\"og:site_name\" content=\"Hotel Gato\" \/>\n<meta property=\"article:modified_time\" content=\"2024-06-25T03:31:19+00:00\" \/>\n<meta property=\"og:image\" content=\"https:\/\/hotelgato.com\/wp-content\/uploads\/2024\/06\/Hospedaje.jpeg\" \/>\n<meta name=\"twitter:card\" content=\"summary_large_image\" \/>\n<meta name=\"twitter:label1\" content=\"Tiempo de lectura\" \/>\n\t<meta name=\"twitter:data1\" content=\"2 minutos\" \/>\n<script type=\"application\/ld+json\" class=\"yoast-schema-graph\">{\"@context\":\"https:\/\/schema.org\",\"@graph\":[{\"@type\":\"WebPage\",\"@id\":\"https:\/\/hotelgato.com\/index.php\/serviciosenhotelgato\/\",\"url\":\"https:\/\/hotelgato.com\/index.php\/serviciosenhotelgato\/\",\"name\":\"Servicios - Hotel Gato\",\"isPartOf\":{\"@id\":\"https:\/\/hotelgato.com\/#website\"},\"datePublished\":\"2020-04-13T11:18:50+00:00\",\"dateModified\":\"2024-06-25T03:31:19+00:00\",\"breadcrumb\":{\"@id\":\"https:\/\/hotelgato.com\/index.php\/serviciosenhotelgato\/#breadcrumb\"},\"inLanguage\":\"es\",\"potentialAction\":[{\"@type\":\"ReadAction\",\"target\":[\"https:\/\/hotelgato.com\/index.php\/serviciosenhotelgato\/\"]}]},{\"@type\":\"BreadcrumbList\",\"@id\":\"https:\/\/hotelgato.com\/index.php\/serviciosenhotelgato\/#breadcrumb\",\"itemListElement\":[{\"@type\":\"ListItem\",\"position\":1,\"name\":\"Portada\",\"item\":\"https:\/\/hotelgato.com\/\"},{\"@type\":\"ListItem\",\"position\":2,\"name\":\"Servicios\"}]},{\"@type\":\"WebSite\",\"@id\":\"https:\/\/hotelgato.com\/#website\",\"url\":\"https:\/\/hotelgato.com\/\",\"name\":\"Hotel Gato\",\"description\":\"\",\"publisher\":{\"@id\":\"https:\/\/hotelgato.com\/#organization\"},\"potentialAction\":[{\"@type\":\"SearchAction\",\"target\":{\"@type\":\"EntryPoint\",\"urlTemplate\":\"https:\/\/hotelgato.com\/?s={search_term_string}\"},\"query-input\":\"required name=search_term_string\"}],\"inLanguage\":\"es\"},{\"@type\":\"Organization\",\"@id\":\"https:\/\/hotelgato.com\/#organization\",\"name\":\"Hotel Gato\",\"url\":\"https:\/\/hotelgato.com\/\",\"logo\":{\"@type\":\"ImageObject\",\"inLanguage\":\"es\",\"@id\":\"https:\/\/hotelgato.com\/#\/schema\/logo\/image\/\",\"url\":\"https:\/\/hotelgato.com\/wp-content\/uploads\/2024\/06\/GlogoHG.png\",\"contentUrl\":\"https:\/\/hotelgato.com\/wp-content\/uploads\/2024\/06\/GlogoHG.png\",\"width\":367,\"height\":513,\"caption\":\"Hotel Gato\"},\"image\":{\"@id\":\"https:\/\/hotelgato.com\/#\/schema\/logo\/image\/\"}}]}<\/script>\n<!-- \/ Yoast SEO plugin. -->","yoast_head_json":{"title":"Servicios - Hotel Gato","robots":{"index":"index","follow":"follow","max-snippet":"max-snippet:-1","max-image-preview":"max-image-preview:large","max-video-preview":"max-video-preview:-1"},"canonical":"https:\/\/hotelgato.com\/index.php\/serviciosenhotelgato\/","og_locale":"es_ES","og_type":"article","og_title":"Servicios - Hotel Gato","og_description":"Servicios Hotel &#8211; Hospedaje Ofrecemos un servicio de hospedaje integral para que tu felino amigo se sienta como en casa. Contamos con zonas de juegos, espacios de descanso. Se brinda atenci\u00f3n personalizada y cari\u00f1o para que su estad\u00eda sea lo m\u00e1s placentera posible. Adem\u00e1s, te enviaremos un video o foto diaria para que puedas ver &hellip; Servicios Leer m\u00e1s &raquo;","og_url":"https:\/\/hotelgato.com\/index.php\/serviciosenhotelgato\/","og_site_name":"Hotel Gato","article_modified_time":"2024-06-25T03:31:19+00:00","og_image":[{"url":"https:\/\/hotelgato.com\/wp-content\/uploads\/2024\/06\/Hospedaje.jpeg"}],"twitter_card":"summary_large_image","twitter_misc":{"Tiempo de lectura":"2 minutos"},"schema":{"@context":"https:\/\/schema.org","@graph":[{"@type":"WebPage","@id":"https:\/\/hotelgato.com\/index.php\/serviciosenhotelgato\/","url":"https:\/\/hotelgato.com\/index.php\/serviciosenhotelgato\/","name":"Servicios - Hotel Gato","isPartOf":{"@id":"https:\/\/hotelgato.com\/#website"},"datePublished":"2020-04-13T11:18:50+00:00","dateModified":"2024-06-25T03:31:19+00:00","breadcrumb":{"@id":"https:\/\/hotelgato.com\/index.php\/serviciosenhotelgato\/#breadcrumb"},"inLanguage":"es","potentialAction":[{"@type":"ReadAction","target":["https:\/\/hotelgato.com\/index.php\/serviciosenhotelgato\/"]}]},{"@type":"BreadcrumbList","@id":"https:\/\/hotelgato.com\/index.php\/serviciosenhotelgato\/#breadcrumb","itemListElement":[{"@type":"ListItem","position":1,"name":"Portada","item":"https:\/\/hotelgato.com\/"},{"@type":"ListItem","position":2,"name":"Servicios"}]},{"@type":"WebSite","@id":"https:\/\/hotelgato.com\/#website","url":"https:\/\/hotelgato.com\/","name":"Hotel Gato","description":"","publisher":{"@id":"https:\/\/hotelgato.com\/#organization"},"potentialAction":[{"@type":"SearchAction","target":{"@type":"EntryPoint","urlTemplate":"https:\/\/hotelgato.com\/?s={search_term_string}"},"query-input":"required name=search_term_string"}],"inLanguage":"es"},{"@type":"Organization","@id":"https:\/\/hotelgato.com\/#organization","name":"Hotel Gato","url":"https:\/\/hotelgato.com\/","logo":{"@type":"ImageObject","inLanguage":"es","@id":"https:\/\/hotelgato.com\/#\/schema\/logo\/image\/","url":"https:\/\/hotelgato.com\/wp-content\/uploads\/2024\/06\/GlogoHG.png","contentUrl":"https:\/\/hotelgato.com\/wp-content\/uploads\/2024\/06\/GlogoHG.png","width":367,"height":513,"caption":"Hotel Gato"},"image":{"@id":"https:\/\/hotelgato.com\/#\/schema\/logo\/image\/"}}]}},"_links":{"self":[{"href":"https:\/\/hotelgato.com\/index.php\/wp-json\/wp\/v2\/pages\/1391"}],"collection":[{"href":"https:\/\/hotelgato.com\/index.php\/wp-json\/wp\/v2\/pages"}],"about":[{"href":"https:\/\/hotelgato.com\/index.php\/wp-json\/wp\/v2\/types\/page"}],"author":[{"embeddable":true,"href":"https:\/\/hotelgato.com\/index.php\/wp-json\/wp\/v2\/users\/1"}],"replies":[{"embeddable":true,"href":"https:\/\/hotelgato.com\/index.php\/wp-json\/wp\/v2\/comments?post=1391"}],"version-history":[{"count":21,"href":"https:\/\/hotelgato.com\/index.php\/wp-json\/wp\/v2\/pages\/1391\/revisions"}],"predecessor-version":[{"id":1617,"href":"https:\/\/hotelgato.com\/index.php\/wp-json\/wp\/v2\/pages\/1391\/revisions\/1617"}],"wp:attachment":[{"href":"https:\/\/hotelgato.com\/index.php\/wp-json\/wp\/v2\/media?parent=1391"}],"curies":[{"name":"wp","href":"https:\/\/api.w.org\/{rel}","templated":true}]}}